{"id":64,"date":"2026-02-06T08:49:36","date_gmt":"2026-02-06T07:49:36","guid":{"rendered":"http:\/\/madmade.pl\/?page_id=64"},"modified":"2026-04-02T13:26:05","modified_gmt":"2026-04-02T11:26:05","slug":"strona-glowna","status":"publish","type":"page","link":"https:\/\/madmade.pl\/","title":{"rendered":"Strona g\u0142\u00f3wna"},"content":{"rendered":"\n<h2 class=\"wp-block-heading\">Dlaczego MadMade?<\/h2>\n\n\n\n<p>Projektujemy, produkujemy i montujemy we w\u0142asnym zakresie.<br>Dzi\u0119ki temu mamy pe\u0142n\u0105 kontrol\u0119 nad jako\u015bci\u0105, bezpiecze\u0144stwem i terminem realizacji.<\/p>\n\n\n\n<p><\/p>\n\n\n\n<ul class=\"wp-block-list\">\n<li>Do\u015bwiadczenie w produkcjach filmowych i eventowych<\/li>\n\n\n\n<li>Zaplecze techniczne i \u015blusarskie<\/li>\n\n\n\n<li>Realizacje kr\u00f3tkoterminowe i d\u0142ugofalowe<\/li>\n\n\n\n<li>Konstrukcje z opiniami konstruktorskimi<\/li>\n\n\n\n<li>Magazynowanie dekoracji<\/li>\n\n\n\n<li>Us\u0142uga ci\u0119cia CNC<\/li>\n<\/ul>\n","protected":false},"excerpt":{"rendered":"<p>Dlaczego MadMade? Projektujemy, produkujemy i montujemy we w\u0142asnym zakresie.Dzi\u0119ki temu mamy pe\u0142n\u0105 kontrol\u0119 nad jako\u015bci\u0105, bezpiecze\u0144stwem i terminem realizacji.<\/p>\n","protected":false},"author":1,"featured_media":146,"parent":0,"menu_order":0,"comment_status":"closed","ping_status":"closed","template":"template-featured-works.php","meta":{"inline_featured_image":false,"footnotes":""},"class_list":["post-64","page","type-page","status-publish","has-post-thumbnail","hentry"],"_links":{"self":[{"href":"https:\/\/madmade.pl\/index.php\/wp-json\/wp\/v2\/pages\/64","targetHints":{"allow":["GET"]}}],"collection":[{"href":"https:\/\/madmade.pl\/index.php\/wp-json\/wp\/v2\/pages"}],"about":[{"href":"https:\/\/madmade.pl\/index.php\/wp-json\/wp\/v2\/types\/page"}],"author":[{"embeddable":true,"href":"https:\/\/madmade.pl\/index.php\/wp-json\/wp\/v2\/users\/1"}],"replies":[{"embeddable":true,"href":"https:\/\/madmade.pl\/index.php\/wp-json\/wp\/v2\/comments?post=64"}],"version-history":[{"count":11,"href":"https:\/\/madmade.pl\/index.php\/wp-json\/wp\/v2\/pages\/64\/revisions"}],"predecessor-version":[{"id":1008,"href":"https:\/\/madmade.pl\/index.php\/wp-json\/wp\/v2\/pages\/64\/revisions\/1008"}],"wp:featuredmedia":[{"embeddable":true,"href":"https:\/\/madmade.pl\/index.php\/wp-json\/wp\/v2\/media\/146"}],"wp:attachment":[{"href":"https:\/\/madmade.pl\/index.php\/wp-json\/wp\/v2\/media?parent=64"}],"curies":[{"name":"wp","href":"https:\/\/api.w.org\/{rel}","templated":true}]}}