{"id":30,"date":"2026-02-06T08:06:36","date_gmt":"2026-02-06T07:06:36","guid":{"rendered":"http:\/\/madmade.pl\/?page_id=30"},"modified":"2026-02-25T08:56:09","modified_gmt":"2026-02-25T07:56:09","slug":"realizacje","status":"publish","type":"page","link":"https:\/\/madmade.pl\/index.php\/realizacje\/","title":{"rendered":"Realizacje"},"content":{"rendered":"\n<p>Poni\u017cej prezentujemy\u00a0<strong>wybrane realizacje<\/strong>, na kt\u00f3re szczeg\u00f3lnie chcieli\u015bmy zwr\u00f3ci\u0107 Wasz\u0105 uwag\u0119. Starali\u015bmy si\u0119 pokaza\u0107 prace z ka\u017cdej dziedziny, kt\u00f3r\u0105 si\u0119 zajmujemy.<\/p>\n\n\n\n<p>Wszystkie projekty powsta\u0142y przy wsp\u00f3\u0142pracy z\u00a0<strong>wybitnymi projektantami, artystami i scenografami<\/strong>. Nad realizacjami czuwa\u0142y r\u00f3wnie\u017c agencje, domy produkcyjne, a cz\u0119sto tak\u017ce\u00a0<strong>bezpo\u015brednio klienci i w\u0142a\u015bciciele marek<\/strong>. Owoce naszej pracy, kt\u00f3re tu prezentujemy, powsta\u0142y dzi\u0119ki zaanga\u017cowaniu wielu os\u00f3b, a\u00a0<strong>nasza rola obejmowa\u0142a my\u015bl techniczn\u0105, produkcj\u0119, monta\u017c, obs\u0142ug\u0119 oraz demonta\u017c<\/strong>.<\/p>\n\n\n\n<p>Jeste\u015bmy dumni, \u017ce mogli\u015bmy uczestniczy\u0107 w tych projektach i mie\u0107 realny wp\u0142yw na ich powstanie. To w\u0142a\u015bnie dzi\u0119ki nam i naszej wiedzy wiele z tych realizacji mog\u0142o zosta\u0107 zrealizowanych w takiej formie, jak\u0105 dzi\u015b prezentujemy.<\/p>\n\n\n\n<p><\/p>\n","protected":false},"excerpt":{"rendered":"<p>Poni\u017cej prezentujemy\u00a0wybrane realizacje, na kt\u00f3re szczeg\u00f3lnie chcieli\u015bmy zwr\u00f3ci\u0107 Wasz\u0105 uwag\u0119. Starali\u015bmy si\u0119 pokaza\u0107 prace z ka\u017cdej dziedziny, kt\u00f3r\u0105 si\u0119 zajmujemy. Wszystkie projekty powsta\u0142y przy wsp\u00f3\u0142pracy z\u00a0wybitnymi projektantami, artystami i scenografami. Nad realizacjami czuwa\u0142y r\u00f3wnie\u017c agencje, domy produkcyjne, a cz\u0119sto tak\u017ce\u00a0bezpo\u015brednio klienci i w\u0142a\u015bciciele marek. Owoce naszej pracy, kt\u00f3re tu prezentujemy, powsta\u0142y dzi\u0119ki zaanga\u017cowaniu wielu os\u00f3b, a\u00a0nasza rola obejmowa\u0142a my\u015bl techniczn\u0105, produkcj\u0119, monta\u017c, obs\u0142ug\u0119 oraz demonta\u017c. Jeste\u015bmy dumni, \u017ce mogli\u015bmy uczestniczy\u0107 w tych projektach i mie\u0107 realny wp\u0142yw na ich powstanie. To w\u0142a\u015bnie dzi\u0119ki nam i naszej wiedzy wiele z tych realizacji mog\u0142o zosta\u0107 zrealizowanych w takiej formie, jak\u0105 dzi\u015b prezentujemy.<\/p>\n","protected":false},"author":1,"featured_media":0,"parent":0,"menu_order":0,"comment_status":"closed","ping_status":"closed","template":"template-all-works.php","meta":{"inline_featured_image":false,"footnotes":""},"class_list":["post-30","page","type-page","status-publish","hentry"],"_links":{"self":[{"href":"https:\/\/madmade.pl\/index.php\/wp-json\/wp\/v2\/pages\/30","targetHints":{"allow":["GET"]}}],"collection":[{"href":"https:\/\/madmade.pl\/index.php\/wp-json\/wp\/v2\/pages"}],"about":[{"href":"https:\/\/madmade.pl\/index.php\/wp-json\/wp\/v2\/types\/page"}],"author":[{"embeddable":true,"href":"https:\/\/madmade.pl\/index.php\/wp-json\/wp\/v2\/users\/1"}],"replies":[{"embeddable":true,"href":"https:\/\/madmade.pl\/index.php\/wp-json\/wp\/v2\/comments?post=30"}],"version-history":[{"count":8,"href":"https:\/\/madmade.pl\/index.php\/wp-json\/wp\/v2\/pages\/30\/revisions"}],"predecessor-version":[{"id":451,"href":"https:\/\/madmade.pl\/index.php\/wp-json\/wp\/v2\/pages\/30\/revisions\/451"}],"wp:attachment":[{"href":"https:\/\/madmade.pl\/index.php\/wp-json\/wp\/v2\/media?parent=30"}],"curies":[{"name":"wp","href":"https:\/\/api.w.org\/{rel}","templated":true}]}}