{"id":29,"date":"2026-02-06T08:06:36","date_gmt":"2026-02-06T07:06:36","guid":{"rendered":"http:\/\/madmade.pl\/?page_id=29"},"modified":"2026-04-02T15:35:56","modified_gmt":"2026-04-02T13:35:56","slug":"zakres-uslug","status":"publish","type":"page","link":"https:\/\/madmade.pl\/index.php\/zakres-uslug\/","title":{"rendered":"Zakres us\u0142ug"},"content":{"rendered":"\n<p>Realizujemy projekty scenograficzne i konstrukcyjne kompleksowo \u2500 od koncepcji technicznej po produkcj\u0119 i monta\u017c. Poni\u017cej prezentujemy g\u0142\u00f3wne obszary naszej dzia\u0142alno\u015bci<\/p>\n\n\n\n<hr class=\"wp-block-separator has-alpha-channel-opacity\"\/>\n\n\n\n<div class=\"wp-block-media-text has-media-on-the-right is-stacked-on-mobile is-image-fill-element\"><div class=\"wp-block-media-text__content\">\n<div class=\"wp-block-columns is-layout-flex wp-container-core-columns-is-layout-9d6595d7 wp-block-columns-is-layout-flex\">\n<div class=\"wp-block-column is-vertically-aligned-top is-layout-flow wp-block-column-is-layout-flow\" style=\"flex-basis:23%\">\n<h1 class=\"wp-block-heading\" style=\"font-size:50px\">01<\/h1>\n<\/div>\n\n\n\n<div class=\"wp-block-column is-layout-flow wp-block-column-is-layout-flow\" style=\"flex-basis:66%\">\n<h2 class=\"wp-block-heading has-medium-font-size\"><a href=\"\/index.php\/portfolio-category\/rysunki-2d\/\">PROJEKT I PRZYGOTOWANIE TECHNICZNE<\/a><\/h2>\n<\/div>\n<\/div>\n\n\n\n<ul class=\"wp-block-list\">\n<li>Konsultacje i koncepcja<\/li>\n\n\n\n<li>Rysunki 2D<\/li>\n\n\n\n<li>Dokumentacja techniczna<\/li>\n<\/ul>\n<\/div><figure class=\"wp-block-media-text__media\"><a href=\"\/index.php\/portfolio-category\/rysunki-2d\/\"><img loading=\"lazy\" decoding=\"async\" width=\"1024\" height=\"768\" src=\"http:\/\/madmade.pl\/wp-content\/uploads\/2026\/02\/01-1024x768.jpeg\" alt=\"\" class=\"wp-image-719 size-large\" style=\"object-position:50% 50%\" srcset=\"https:\/\/madmade.pl\/wp-content\/uploads\/2026\/02\/01-1024x768.jpeg 1024w, https:\/\/madmade.pl\/wp-content\/uploads\/2026\/02\/01-300x225.jpeg 300w, https:\/\/madmade.pl\/wp-content\/uploads\/2026\/02\/01-768x576.jpeg 768w, https:\/\/madmade.pl\/wp-content\/uploads\/2026\/02\/01-1536x1152.jpeg 1536w, https:\/\/madmade.pl\/wp-content\/uploads\/2026\/02\/01-1140x855.jpeg 1140w, https:\/\/madmade.pl\/wp-content\/uploads\/2026\/02\/01-880x660.jpeg 880w, https:\/\/madmade.pl\/wp-content\/uploads\/2026\/02\/01-800x600.jpeg 800w, https:\/\/madmade.pl\/wp-content\/uploads\/2026\/02\/01.jpeg 1600w\" sizes=\"auto, (max-width: 1024px) 100vw, 1024px\" \/><\/a><\/figure><\/div>\n\n\n\n<hr class=\"wp-block-separator has-alpha-channel-opacity\"\/>\n\n\n\n<div class=\"wp-block-media-text has-media-on-the-right is-stacked-on-mobile is-image-fill-element\"><div class=\"wp-block-media-text__content\">\n<div class=\"wp-block-columns is-layout-flex wp-container-core-columns-is-layout-9d6595d7 wp-block-columns-is-layout-flex\">\n<div class=\"wp-block-column is-vertically-aligned-top is-layout-flow wp-block-column-is-layout-flow\" style=\"flex-basis:33.33%\">\n<h1 class=\"wp-block-heading\" style=\"font-size:50px\">02<\/h1>\n<\/div>\n\n\n\n<div class=\"wp-block-column is-layout-flow wp-block-column-is-layout-flow\" style=\"flex-basis:66.66%\">\n<h2 class=\"wp-block-heading has-medium-font-size\"><a href=\"\/index.php\/portfolio-category\/spawanie-konstrukcji-stalowych\/\">PRODUKCJA I KONSTRUKCJE STALOWE<\/a><\/h2>\n<\/div>\n<\/div>\n\n\n\n<ul class=\"wp-block-list\">\n<li>Spawanie konstrukcji stalowych<\/li>\n\n\n\n<li>CNC<\/li>\n\n\n\n<li>Prefabrykacja<\/li>\n<\/ul>\n<\/div><figure class=\"wp-block-media-text__media\"><a href=\"\/index.php\/portfolio-category\/spawanie-konstrukcji-stalowych\/\"><img loading=\"lazy\" decoding=\"async\" width=\"1024\" height=\"683\" src=\"http:\/\/madmade.pl\/wp-content\/uploads\/2026\/02\/ZAKRES-USLUG-02-1024x683.jpg\" alt=\"\" class=\"wp-image-687 size-large\" style=\"object-position:50% 50%\" srcset=\"https:\/\/madmade.pl\/wp-content\/uploads\/2026\/02\/ZAKRES-USLUG-02-1024x683.jpg 1024w, https:\/\/madmade.pl\/wp-content\/uploads\/2026\/02\/ZAKRES-USLUG-02-300x200.jpg 300w, https:\/\/madmade.pl\/wp-content\/uploads\/2026\/02\/ZAKRES-USLUG-02-768x512.jpg 768w, https:\/\/madmade.pl\/wp-content\/uploads\/2026\/02\/ZAKRES-USLUG-02-1536x1024.jpg 1536w, https:\/\/madmade.pl\/wp-content\/uploads\/2026\/02\/ZAKRES-USLUG-02-2048x1365.jpg 2048w, https:\/\/madmade.pl\/wp-content\/uploads\/2026\/02\/ZAKRES-USLUG-02-1140x760.jpg 1140w, https:\/\/madmade.pl\/wp-content\/uploads\/2026\/02\/ZAKRES-USLUG-02-880x587.jpg 880w, https:\/\/madmade.pl\/wp-content\/uploads\/2026\/02\/ZAKRES-USLUG-02-900x600.jpg 900w\" sizes=\"auto, (max-width: 1024px) 100vw, 1024px\" \/><\/a><\/figure><\/div>\n\n\n\n<hr class=\"wp-block-separator has-alpha-channel-opacity\"\/>\n\n\n\n<div class=\"wp-block-media-text has-media-on-the-right is-stacked-on-mobile is-image-fill-element\"><div class=\"wp-block-media-text__content\">\n<div class=\"wp-block-columns is-layout-flex wp-container-core-columns-is-layout-9d6595d7 wp-block-columns-is-layout-flex\">\n<div class=\"wp-block-column is-vertically-aligned-top is-layout-flow wp-block-column-is-layout-flow\" style=\"flex-basis:33.33%\">\n<h1 class=\"wp-block-heading\" style=\"font-size:50px\">03<\/h1>\n<\/div>\n\n\n\n<div class=\"wp-block-column is-layout-flow wp-block-column-is-layout-flow\" style=\"flex-basis:66.66%\">\n<h2 class=\"wp-block-heading has-medium-font-size\"><a href=\"\/index.php\/portfolio-category\/scenografia-eventowa\/\" data-type=\"link\" data-id=\"\/index.php\/portfolio-category\/scenografia-eventowa\/\">REALIZACJE SCENOGRAFICZNE<\/a><\/h2>\n<\/div>\n<\/div>\n\n\n\n<ul class=\"wp-block-list\">\n<li>Eventy<\/li>\n\n\n\n<li>Koncerty i festiwale<\/li>\n\n\n\n<li>Produkcje filmowe i telewizyjne<\/li>\n\n\n\n<li>Strefy targowe<\/li>\n<\/ul>\n<\/div><figure class=\"wp-block-media-text__media\"><a href=\"\/index.php\/portfolio-category\/scenografia-eventowa\/\"><img loading=\"lazy\" decoding=\"async\" width=\"1024\" height=\"678\" src=\"http:\/\/madmade.pl\/wp-content\/uploads\/2026\/02\/03-1024x678.jpg\" alt=\"\" class=\"wp-image-720 size-large\" style=\"object-position:50% 50%\" srcset=\"https:\/\/madmade.pl\/wp-content\/uploads\/2026\/02\/03-1024x678.jpg 1024w, https:\/\/madmade.pl\/wp-content\/uploads\/2026\/02\/03-300x199.jpg 300w, https:\/\/madmade.pl\/wp-content\/uploads\/2026\/02\/03-768x509.jpg 768w, https:\/\/madmade.pl\/wp-content\/uploads\/2026\/02\/03-1536x1017.jpg 1536w, https:\/\/madmade.pl\/wp-content\/uploads\/2026\/02\/03-2048x1356.jpg 2048w, https:\/\/madmade.pl\/wp-content\/uploads\/2026\/02\/03-1140x755.jpg 1140w, https:\/\/madmade.pl\/wp-content\/uploads\/2026\/02\/03-880x583.jpg 880w, https:\/\/madmade.pl\/wp-content\/uploads\/2026\/02\/03-906x600.jpg 906w\" sizes=\"auto, (max-width: 1024px) 100vw, 1024px\" \/><\/a><\/figure><\/div>\n\n\n\n<hr class=\"wp-block-separator has-alpha-channel-opacity\"\/>\n\n\n\n<div class=\"wp-block-media-text has-media-on-the-right is-stacked-on-mobile is-image-fill-element\"><div class=\"wp-block-media-text__content\">\n<div class=\"wp-block-columns is-layout-flex wp-container-core-columns-is-layout-9d6595d7 wp-block-columns-is-layout-flex\">\n<div class=\"wp-block-column is-vertically-aligned-top is-layout-flow wp-block-column-is-layout-flow\" style=\"flex-basis:33.33%\">\n<h1 class=\"wp-block-heading\" style=\"font-size:50px\">04<\/h1>\n<\/div>\n\n\n\n<div class=\"wp-block-column is-layout-flow wp-block-column-is-layout-flow\" style=\"flex-basis:66.66%\">\n<h2 class=\"wp-block-heading has-medium-font-size\"><a href=\"\/index.php\/portfolio-category\/modyfikacje-kontenerow\/\" data-type=\"link\" data-id=\"\/index.php\/portfolio-category\/modyfikacje-kontenerow\/\">REALIZACJE SPECJALNE<\/a><\/h2>\n<\/div>\n<\/div>\n\n\n\n<ul class=\"wp-block-list\">\n<li>Adaptacje kontener\u00f3w<\/li>\n\n\n\n<li>Modyfikacje pojazd\u00f3w<\/li>\n\n\n\n<li>Konstrukcje mobilne<\/li>\n<\/ul>\n<\/div><figure class=\"wp-block-media-text__media\"><a href=\"\/index.php\/portfolio-category\/modyfikacje-kontenerow\/\"><img loading=\"lazy\" decoding=\"async\" width=\"1024\" height=\"610\" src=\"http:\/\/madmade.pl\/wp-content\/uploads\/2026\/02\/04-1-1024x610.jpg\" alt=\"\" class=\"wp-image-721 size-large\" style=\"object-position:50% 50%\" srcset=\"https:\/\/madmade.pl\/wp-content\/uploads\/2026\/02\/04-1-1024x610.jpg 1024w, https:\/\/madmade.pl\/wp-content\/uploads\/2026\/02\/04-1-300x179.jpg 300w, https:\/\/madmade.pl\/wp-content\/uploads\/2026\/02\/04-1-768x457.jpg 768w, https:\/\/madmade.pl\/wp-content\/uploads\/2026\/02\/04-1-1536x915.jpg 1536w, https:\/\/madmade.pl\/wp-content\/uploads\/2026\/02\/04-1-2048x1220.jpg 2048w, https:\/\/madmade.pl\/wp-content\/uploads\/2026\/02\/04-1-1140x679.jpg 1140w, https:\/\/madmade.pl\/wp-content\/uploads\/2026\/02\/04-1-880x524.jpg 880w, https:\/\/madmade.pl\/wp-content\/uploads\/2026\/02\/04-1-1007x600.jpg 1007w\" sizes=\"auto, (max-width: 1024px) 100vw, 1024px\" \/><\/a><\/figure><\/div>\n\n\n\n<hr class=\"wp-block-separator has-alpha-channel-opacity\"\/>\n\n\n\n<div class=\"wp-block-media-text has-media-on-the-right is-stacked-on-mobile is-image-fill-element\"><div class=\"wp-block-media-text__content\">\n<div class=\"wp-block-columns is-layout-flex wp-container-core-columns-is-layout-9d6595d7 wp-block-columns-is-layout-flex\">\n<div class=\"wp-block-column is-vertically-aligned-top is-layout-flow wp-block-column-is-layout-flow\" style=\"flex-basis:33.33%\">\n<h1 class=\"wp-block-heading\" style=\"font-size:50px\">05<\/h1>\n<\/div>\n\n\n\n<div class=\"wp-block-column is-layout-flow wp-block-column-is-layout-flow\" style=\"flex-basis:66.66%\">\n<h2 class=\"wp-block-heading has-medium-font-size\">MAGAZYNOWANIE DEKORACJI<\/h2>\n<\/div>\n<\/div>\n\n\n\n<ul class=\"wp-block-list\">\n<li>Audyt i inwentaryzacja dekoracji \u2013 sprawdzamy stan, ilo\u015b\u0107 i kompletno\u015b\u0107 element\u00f3w<\/li>\n\n\n\n<li>Przechowywanie w kontrolowanych warunkach<\/li>\n\n\n\n<li>Transport i logistyka mi\u0119dzy lokalizacjami<\/li>\n\n\n\n<li>Naprawy i konserwacja dekoracji<\/li>\n<\/ul>\n<\/div><figure class=\"wp-block-media-text__media\"><img loading=\"lazy\" decoding=\"async\" width=\"1024\" height=\"683\" src=\"https:\/\/madmade.pl\/wp-content\/uploads\/2026\/03\/WhatsApp-Image-2026-03-06-at-15.39.15-1-1024x683.jpeg\" alt=\"\" class=\"wp-image-859 size-large\" style=\"object-position:50% 50%\" srcset=\"https:\/\/madmade.pl\/wp-content\/uploads\/2026\/03\/WhatsApp-Image-2026-03-06-at-15.39.15-1-1024x683.jpeg 1024w, https:\/\/madmade.pl\/wp-content\/uploads\/2026\/03\/WhatsApp-Image-2026-03-06-at-15.39.15-1-300x200.jpeg 300w, https:\/\/madmade.pl\/wp-content\/uploads\/2026\/03\/WhatsApp-Image-2026-03-06-at-15.39.15-1-768x512.jpeg 768w, https:\/\/madmade.pl\/wp-content\/uploads\/2026\/03\/WhatsApp-Image-2026-03-06-at-15.39.15-1-1140x760.jpeg 1140w, https:\/\/madmade.pl\/wp-content\/uploads\/2026\/03\/WhatsApp-Image-2026-03-06-at-15.39.15-1-880x587.jpeg 880w, https:\/\/madmade.pl\/wp-content\/uploads\/2026\/03\/WhatsApp-Image-2026-03-06-at-15.39.15-1-900x600.jpeg 900w, https:\/\/madmade.pl\/wp-content\/uploads\/2026\/03\/WhatsApp-Image-2026-03-06-at-15.39.15-1.jpeg 1200w\" sizes=\"auto, (max-width: 1024px) 100vw, 1024px\" \/><\/figure><\/div>\n\n\n\n<hr class=\"wp-block-separator has-alpha-channel-opacity\"\/>\n","protected":false},"excerpt":{"rendered":"<p>Realizujemy projekty scenograficzne i konstrukcyjne kompleksowo \u2500 od koncepcji technicznej po produkcj\u0119 i monta\u017c. Poni\u017cej prezentujemy g\u0142\u00f3wne obszary naszej dzia\u0142alno\u015bci<\/p>\n","protected":false},"author":1,"featured_media":0,"parent":0,"menu_order":0,"comment_status":"closed","ping_status":"closed","template":"","meta":{"inline_featured_image":false,"footnotes":""},"class_list":["post-29","page","type-page","status-publish","hentry"],"_links":{"self":[{"href":"https:\/\/madmade.pl\/index.php\/wp-json\/wp\/v2\/pages\/29","targetHints":{"allow":["GET"]}}],"collection":[{"href":"https:\/\/madmade.pl\/index.php\/wp-json\/wp\/v2\/pages"}],"about":[{"href":"https:\/\/madmade.pl\/index.php\/wp-json\/wp\/v2\/types\/page"}],"author":[{"embeddable":true,"href":"https:\/\/madmade.pl\/index.php\/wp-json\/wp\/v2\/users\/1"}],"replies":[{"embeddable":true,"href":"https:\/\/madmade.pl\/index.php\/wp-json\/wp\/v2\/comments?post=29"}],"version-history":[{"count":79,"href":"https:\/\/madmade.pl\/index.php\/wp-json\/wp\/v2\/pages\/29\/revisions"}],"predecessor-version":[{"id":1037,"href":"https:\/\/madmade.pl\/index.php\/wp-json\/wp\/v2\/pages\/29\/revisions\/1037"}],"wp:attachment":[{"href":"https:\/\/madmade.pl\/index.php\/wp-json\/wp\/v2\/media?parent=29"}],"curies":[{"name":"wp","href":"https:\/\/api.w.org\/{rel}","templated":true}]}}